{"id":6,"date":"2017-08-11T08:56:53","date_gmt":"2017-08-11T08:56:53","guid":{"rendered":"https:\/\/www.domenca.com\/podpora\/?page_id=6"},"modified":"2025-03-05T09:00:15","modified_gmt":"2025-03-05T09:00:15","slug":"podpora","status":"publish","type":"page","link":"https:\/\/www.domenca.com\/podpora\/","title":{"rendered":"Podpora"},"content":{"rendered":"<p>&nbsp;<\/p>\n<h1 style=\"text-align: center;\">Potrebujete pomo\u010d?<\/h1>\n<h5 style=\"text-align: center;\">S pomo\u010djo spodnjih ikon izberite eno izmed kategorij.<\/h5>\n","protected":false},"excerpt":{"rendered":"<p>&nbsp; Potrebujete pomo\u010d? S pomo\u010djo spodnjih ikon izberite eno izmed kategorij.<\/p>\n","protected":false},"author":1,"featured_media":0,"parent":0,"menu_order":0,"comment_status":"closed","ping_status":"closed","template":"","meta":{"footnotes":""},"class_list":["post-6","page","type-page","status-publish","hentry"],"yoast_head":"<!-- This site is optimized with the Yoast SEO plugin v27.5 - https:\/\/yoast.com\/product\/yoast-seo-wordpress\/ -->\n<title>Podpora uporabnikom - Podpora domenca.com<\/title>\n<meta name=\"description\" content=\"Potrebujete pomo\u010d pri upravljanju gostovanj ali domen? Izberite kategorijo in poi\u0161\u010dite navodila za urejanje spletnih storitev.\" \/>\n<meta name=\"robots\" content=\"index, follow, max-snippet:-1, max-image-preview:large, max-video-preview:-1\" \/>\n<link rel=\"canonical\" href=\"https:\/\/www.domenca.com\/podpora\/\" \/>\n<meta property=\"og:locale\" content=\"sl_SI\" \/>\n<meta property=\"og:type\" content=\"article\" \/>\n<meta property=\"og:title\" content=\"Podpora uporabnikom - Podpora domenca.com\" \/>\n<meta property=\"og:description\" content=\"Potrebujete pomo\u010d pri upravljanju gostovanj ali domen? Izberite kategorijo in poi\u0161\u010dite navodila za urejanje spletnih storitev.\" \/>\n<meta property=\"og:url\" content=\"https:\/\/www.domenca.com\/podpora\/\" \/>\n<meta property=\"og:site_name\" content=\"Podpora domenca.com\" \/>\n<meta property=\"article:modified_time\" content=\"2025-03-05T09:00:15+00:00\" \/>\n<meta name=\"twitter:card\" content=\"summary_large_image\" \/>\n<meta name=\"twitter:label1\" content=\"Est. reading time\" \/>\n\t<meta name=\"twitter:data1\" content=\"1 minuta\" \/>\n<script type=\"application\/ld+json\" class=\"yoast-schema-graph\">{\"@context\":\"https:\\\/\\\/schema.org\",\"@graph\":[{\"@type\":\"WebPage\",\"@id\":\"https:\\\/\\\/www.domenca.com\\\/podpora\\\/\",\"url\":\"https:\\\/\\\/www.domenca.com\\\/podpora\\\/\",\"name\":\"Podpora uporabnikom - Podpora domenca.com\",\"isPartOf\":{\"@id\":\"https:\\\/\\\/www.domenca.com\\\/podpora\\\/#website\"},\"datePublished\":\"2017-08-11T08:56:53+00:00\",\"dateModified\":\"2025-03-05T09:00:15+00:00\",\"description\":\"Potrebujete pomo\u010d pri upravljanju gostovanj ali domen? Izberite kategorijo in poi\u0161\u010dite navodila za urejanje spletnih storitev.\",\"breadcrumb\":{\"@id\":\"https:\\\/\\\/www.domenca.com\\\/podpora\\\/#breadcrumb\"},\"inLanguage\":\"sl-SI\",\"potentialAction\":[{\"@type\":\"ReadAction\",\"target\":[\"https:\\\/\\\/www.domenca.com\\\/podpora\\\/\"]}]},{\"@type\":\"BreadcrumbList\",\"@id\":\"https:\\\/\\\/www.domenca.com\\\/podpora\\\/#breadcrumb\",\"itemListElement\":[{\"@type\":\"ListItem\",\"position\":1,\"name\":\"Home\",\"item\":\"https:\\\/\\\/www.domenca.com\\\/podpora\\\/\"},{\"@type\":\"ListItem\",\"position\":2,\"name\":\"Podpora\"}]},{\"@type\":\"WebSite\",\"@id\":\"https:\\\/\\\/www.domenca.com\\\/podpora\\\/#website\",\"url\":\"https:\\\/\\\/www.domenca.com\\\/podpora\\\/\",\"name\":\"Podpora domenca.com\",\"description\":\"\",\"publisher\":{\"@id\":\"https:\\\/\\\/www.domenca.com\\\/podpora\\\/#organization\"},\"potentialAction\":[{\"@type\":\"SearchAction\",\"target\":{\"@type\":\"EntryPoint\",\"urlTemplate\":\"https:\\\/\\\/www.domenca.com\\\/podpora\\\/?s={search_term_string}\"},\"query-input\":{\"@type\":\"PropertyValueSpecification\",\"valueRequired\":true,\"valueName\":\"search_term_string\"}}],\"inLanguage\":\"sl-SI\"},{\"@type\":\"Organization\",\"@id\":\"https:\\\/\\\/www.domenca.com\\\/podpora\\\/#organization\",\"name\":\"Podpora domenca.com\",\"url\":\"https:\\\/\\\/www.domenca.com\\\/podpora\\\/\",\"logo\":{\"@type\":\"ImageObject\",\"inLanguage\":\"sl-SI\",\"@id\":\"https:\\\/\\\/www.domenca.com\\\/podpora\\\/#\\\/schema\\\/logo\\\/image\\\/\",\"url\":\"https:\\\/\\\/www.domenca.com\\\/podpora\\\/wp-content\\\/uploads\\\/2025\\\/03\\\/cropped-dmc_podpora_2025.png\",\"contentUrl\":\"https:\\\/\\\/www.domenca.com\\\/podpora\\\/wp-content\\\/uploads\\\/2025\\\/03\\\/cropped-dmc_podpora_2025.png\",\"width\":395,\"height\":82,\"caption\":\"Podpora domenca.com\"},\"image\":{\"@id\":\"https:\\\/\\\/www.domenca.com\\\/podpora\\\/#\\\/schema\\\/logo\\\/image\\\/\"}}]}<\/script>\n<!-- \/ Yoast SEO plugin. -->","yoast_head_json":{"title":"Podpora uporabnikom - Podpora domenca.com","description":"Potrebujete pomo\u010d pri upravljanju gostovanj ali domen? Izberite kategorijo in poi\u0161\u010dite navodila za urejanje spletnih storitev.","robots":{"index":"index","follow":"follow","max-snippet":"max-snippet:-1","max-image-preview":"max-image-preview:large","max-video-preview":"max-video-preview:-1"},"canonical":"https:\/\/www.domenca.com\/podpora\/","og_locale":"sl_SI","og_type":"article","og_title":"Podpora uporabnikom - Podpora domenca.com","og_description":"Potrebujete pomo\u010d pri upravljanju gostovanj ali domen? Izberite kategorijo in poi\u0161\u010dite navodila za urejanje spletnih storitev.","og_url":"https:\/\/www.domenca.com\/podpora\/","og_site_name":"Podpora domenca.com","article_modified_time":"2025-03-05T09:00:15+00:00","twitter_card":"summary_large_image","twitter_misc":{"Est. reading time":"1 minuta"},"schema":{"@context":"https:\/\/schema.org","@graph":[{"@type":"WebPage","@id":"https:\/\/www.domenca.com\/podpora\/","url":"https:\/\/www.domenca.com\/podpora\/","name":"Podpora uporabnikom - Podpora domenca.com","isPartOf":{"@id":"https:\/\/www.domenca.com\/podpora\/#website"},"datePublished":"2017-08-11T08:56:53+00:00","dateModified":"2025-03-05T09:00:15+00:00","description":"Potrebujete pomo\u010d pri upravljanju gostovanj ali domen? Izberite kategorijo in poi\u0161\u010dite navodila za urejanje spletnih storitev.","breadcrumb":{"@id":"https:\/\/www.domenca.com\/podpora\/#breadcrumb"},"inLanguage":"sl-SI","potentialAction":[{"@type":"ReadAction","target":["https:\/\/www.domenca.com\/podpora\/"]}]},{"@type":"BreadcrumbList","@id":"https:\/\/www.domenca.com\/podpora\/#breadcrumb","itemListElement":[{"@type":"ListItem","position":1,"name":"Home","item":"https:\/\/www.domenca.com\/podpora\/"},{"@type":"ListItem","position":2,"name":"Podpora"}]},{"@type":"WebSite","@id":"https:\/\/www.domenca.com\/podpora\/#website","url":"https:\/\/www.domenca.com\/podpora\/","name":"Podpora domenca.com","description":"","publisher":{"@id":"https:\/\/www.domenca.com\/podpora\/#organization"},"potentialAction":[{"@type":"SearchAction","target":{"@type":"EntryPoint","urlTemplate":"https:\/\/www.domenca.com\/podpora\/?s={search_term_string}"},"query-input":{"@type":"PropertyValueSpecification","valueRequired":true,"valueName":"search_term_string"}}],"inLanguage":"sl-SI"},{"@type":"Organization","@id":"https:\/\/www.domenca.com\/podpora\/#organization","name":"Podpora domenca.com","url":"https:\/\/www.domenca.com\/podpora\/","logo":{"@type":"ImageObject","inLanguage":"sl-SI","@id":"https:\/\/www.domenca.com\/podpora\/#\/schema\/logo\/image\/","url":"https:\/\/www.domenca.com\/podpora\/wp-content\/uploads\/2025\/03\/cropped-dmc_podpora_2025.png","contentUrl":"https:\/\/www.domenca.com\/podpora\/wp-content\/uploads\/2025\/03\/cropped-dmc_podpora_2025.png","width":395,"height":82,"caption":"Podpora domenca.com"},"image":{"@id":"https:\/\/www.domenca.com\/podpora\/#\/schema\/logo\/image\/"}}]}},"_links":{"self":[{"href":"https:\/\/www.domenca.com\/podpora\/wp-json\/wp\/v2\/pages\/6","targetHints":{"allow":["GET"]}}],"collection":[{"href":"https:\/\/www.domenca.com\/podpora\/wp-json\/wp\/v2\/pages"}],"about":[{"href":"https:\/\/www.domenca.com\/podpora\/wp-json\/wp\/v2\/types\/page"}],"author":[{"embeddable":true,"href":"https:\/\/www.domenca.com\/podpora\/wp-json\/wp\/v2\/users\/1"}],"replies":[{"embeddable":true,"href":"https:\/\/www.domenca.com\/podpora\/wp-json\/wp\/v2\/comments?post=6"}],"version-history":[{"count":15,"href":"https:\/\/www.domenca.com\/podpora\/wp-json\/wp\/v2\/pages\/6\/revisions"}],"predecessor-version":[{"id":3904,"href":"https:\/\/www.domenca.com\/podpora\/wp-json\/wp\/v2\/pages\/6\/revisions\/3904"}],"wp:attachment":[{"href":"https:\/\/www.domenca.com\/podpora\/wp-json\/wp\/v2\/media?parent=6"}],"curies":[{"name":"wp","href":"https:\/\/api.w.org\/{rel}","templated":true}]}}